{"id":517,"date":"2024-03-28T15:27:00","date_gmt":"2024-03-28T15:27:00","guid":{"rendered":"https:\/\/demo.bravisthemes.com\/fixera\/?page_id=517"},"modified":"2024-03-28T15:27:00","modified_gmt":"2024-03-28T15:27:00","slug":"blog-standard-without-sidebar","status":"publish","type":"page","link":"https:\/\/kebelect.com\/en\/blog-standard-without-sidebar\/","title":{"rendered":"Blog Standard \u2013 Without Sidebar"},"content":{"rendered":"\t\t<div data-elementor-type=\"wp-page\" data-elementor-id=\"517\" class=\"elementor elementor-517\">\n\t\t\t\t        <section class=\"elementor-section elementor-top-section elementor-element elementor-element-f501142 elementor-section-boxed elementor-section-height-default elementor-section-height-default pxl-type-header-none pxl-row-scroll-none\" data-id=\"f501142\" data-element_type=\"section\" data-e-type=\"section\">\n\n                \n                <div class=\"elementor-container elementor-column-gap-extended \">\n                <div class=\"elementor-column elementor-col-100 elementor-top-column elementor-element elementor-element-638fd6f pxl-column-element-default pxl-column-none pxl-column-overflow-hidden-no\" data-id=\"638fd6f\" data-element_type=\"column\" data-e-type=\"column\">\r\n        <div class=\"elementor-widget-wrap elementor-element-populated\">\r\n                     \r\n        \t\t<div class=\"elementor-element elementor-element-a5d54ea pxl-post-layout-post-1 elementor-widget elementor-widget-pxl_post_grid\" data-id=\"a5d54ea\" data-element_type=\"widget\" data-e-type=\"widget\" data-widget_type=\"pxl_post_grid.default\">\n\t\t\t\t<div class=\"elementor-widget-container\">\n\t\t\t\t\t<div id=\"pxl_post_grid-a5d54ea-1989\" class=\"pxl-grid pxl-blog-grid pxl-blog-grid-layout1\" data-layout=\"masonry\" data-start-page=\"1\" data-max-pages=\"1\" data-total=\"3\" data-perpage=\"4\" data-next-link=\"\">\n    \n    <div class=\"pxl-grid-inner pxl-grid-masonry row\" data-gutter=\"15\">\n        <div class=\"grid-sizer col-xl-12 col-lg-12 col-md-12 col-sm-12 col-12\"><\/div>\n                    <div class=\"pxl-grid-item col-xl-12 col-lg-12 col-md-12 col-sm-12 col-12 electricite\">\n                <div class=\"pxl-item--inner \" data-wow-duration=\"1.2s\">\n                                            <div class=\"pxl-feature pxl-item--featured\">\n                            <a class=\"link-thumbnail\" href=\"https:\/\/kebelect.com\/en\/top-10-tips-of-stain-removal-by-the-best-cleaners\/\">\n                                <img fetchpriority=\"high\" decoding=\"async\" class=\"no-lazyload \" src=\"https:\/\/kebelect.com\/wp-content\/uploads\/2024\/05\/Comment-rationaliser-sa-consommation-denergie-100-800x500.jpg\" width=\"800\" height=\"500\" alt=\"Comment rationaliser sa consommation d\u2019\u00e9nergie-100\" title=\"Comment rationaliser sa consommation d\u2019\u00e9nergie-100\" \/>                            <\/a>\n                                                                                                <span class=\"item--date\">\n                                        <i class=\"bravisicon bravisicon-calendar-2\"><\/i>\n                                        May 28, 2024                                    <\/span>\n                                                                                        \n                        <\/div>\n                                        <div class=\"pxl-item--holder\">\n                                                    <div class=\"item--author\">\n                                <a href=\"https:\/\/kebelect.com\/en\/author\/admin\/\">\n                                    <img alt='' src='https:\/\/secure.gravatar.com\/avatar\/9381a13f433f1aec0f97cee6ee35d833c649d13f77dbbd3857c7079616871925?s=90&#038;d=mm&#038;r=g' srcset='https:\/\/secure.gravatar.com\/avatar\/9381a13f433f1aec0f97cee6ee35d833c649d13f77dbbd3857c7079616871925?s=180&#038;d=mm&#038;r=g 2x' class='avatar avatar-90 photo' height='90' width='90' \/>                                    admin                                <\/a>\n                            <\/div>\n                                                <h3 class=\"pxl-item--title\"><a href=\"https:\/\/kebelect.com\/en\/top-10-tips-of-stain-removal-by-the-best-cleaners\/\">Comment limiter sa consommation d\u2019\u00e9nergie<\/a><\/h3>\n                                                    <div class=\"pxl-item--content\">\n                                Les \u00e9nergies traditionnelles co\u00fbtent de plus en plus cher, polluent l\u2019environnement et se rar\u00e9fient. Pourtant, si nous n\u2019avons aucune prise sur les prix, nous disposons de leviers d\u2019action en adaptant notre consommation d\u2019\u00e9nergie. De multiples&hellip;                            <\/div>\n                                                                            <a class=\"btn-showmore\" href=\"https:\/\/kebelect.com\/en\/top-10-tips-of-stain-removal-by-the-best-cleaners\/\">\n                                <span>Read More<\/span>\n                                <i class=\"bravisicon bravisicon-long-arrow-right-three\"><\/i>\n                            <\/a>\n                                            <\/div>\n                <\/div>\n            <\/div>\n                    <div class=\"pxl-grid-item col-xl-12 col-lg-12 col-md-12 col-sm-12 col-12 electricite\">\n                <div class=\"pxl-item--inner \" data-wow-duration=\"1.2s\">\n                                            <div class=\"pxl-feature pxl-item--featured\">\n                            <a class=\"link-thumbnail\" href=\"https:\/\/kebelect.com\/en\/how-customer-satisfaction-can-be-earned-in-a-cleaning-service-2\/\">\n                                <img decoding=\"async\" class=\"no-lazyload \" src=\"https:\/\/kebelect.com\/wp-content\/uploads\/2024\/05\/Differents-types-dinstallations-electriques-en-milieu-industriel-100-800x500.jpg\" width=\"800\" height=\"500\" alt=\"Diff\u00e9rents types d\u2019installations \u00e9lectriques en milieu industriel-100\" title=\"Diff\u00e9rents types d\u2019installations \u00e9lectriques en milieu industriel-100\" \/>                            <\/a>\n                                                                                                <span class=\"item--date\">\n                                        <i class=\"bravisicon bravisicon-calendar-2\"><\/i>\n                                        May 28, 2024                                    <\/span>\n                                                                                        \n                        <\/div>\n                                        <div class=\"pxl-item--holder\">\n                                                    <div class=\"item--author\">\n                                <a href=\"https:\/\/kebelect.com\/en\/author\/admin\/\">\n                                    <img alt='' src='https:\/\/secure.gravatar.com\/avatar\/9381a13f433f1aec0f97cee6ee35d833c649d13f77dbbd3857c7079616871925?s=90&#038;d=mm&#038;r=g' srcset='https:\/\/secure.gravatar.com\/avatar\/9381a13f433f1aec0f97cee6ee35d833c649d13f77dbbd3857c7079616871925?s=180&#038;d=mm&#038;r=g 2x' class='avatar avatar-90 photo' height='90' width='90' \/>                                    admin                                <\/a>\n                            <\/div>\n                                                <h3 class=\"pxl-item--title\"><a href=\"https:\/\/kebelect.com\/en\/how-customer-satisfaction-can-be-earned-in-a-cleaning-service-2\/\">Diff\u00e9rents types d\u2019installations \u00e9lectriques en milieu industriel<\/a><\/h3>\n                                                    <div class=\"pxl-item--content\">\n                                Avant de plonger dans les d\u00e9tails techniques, il est important de comprendre quelques concepts fondamentaux li\u00e9s \u00e0 l\u2019\u00e9lectricit\u00e9 industrielle. Tout d\u2019abord, l\u2019\u00e9lectricit\u00e9 est un flux d\u2019\u00e9lectrons qui circule dans les conducteurs \u00e9lectriques sous l\u2019influence d\u2019une&hellip;                            <\/div>\n                                                                            <a class=\"btn-showmore\" href=\"https:\/\/kebelect.com\/en\/how-customer-satisfaction-can-be-earned-in-a-cleaning-service-2\/\">\n                                <span>Read More<\/span>\n                                <i class=\"bravisicon bravisicon-long-arrow-right-three\"><\/i>\n                            <\/a>\n                                            <\/div>\n                <\/div>\n            <\/div>\n                    <div class=\"pxl-grid-item col-xl-12 col-lg-12 col-md-12 col-sm-12 col-12 reseaux-et-telecommunications\">\n                <div class=\"pxl-item--inner \" data-wow-duration=\"1.2s\">\n                                            <div class=\"pxl-feature pxl-item--featured\">\n                            <a class=\"link-thumbnail\" href=\"https:\/\/kebelect.com\/en\/challenges-of-new-hvac-business-firms-2\/\">\n                                <img decoding=\"async\" class=\"no-lazyload \" src=\"https:\/\/kebelect.com\/wp-content\/uploads\/2024\/05\/Les-enjeux-dun-bon-cablage-informatique-en-entreprise-100-800x500.jpg\" width=\"800\" height=\"500\" alt=\"Les enjeux d\u2019un bon c\u00e2blage informatique en entreprise-100\" title=\"Les enjeux d\u2019un bon c\u00e2blage informatique en entreprise-100\" \/>                            <\/a>\n                                                                                                <span class=\"item--date\">\n                                        <i class=\"bravisicon bravisicon-calendar-2\"><\/i>\n                                        May 28, 2024                                    <\/span>\n                                                                                        \n                        <\/div>\n                                        <div class=\"pxl-item--holder\">\n                                                    <div class=\"item--author\">\n                                <a href=\"https:\/\/kebelect.com\/en\/author\/admin\/\">\n                                    <img alt='' src='https:\/\/secure.gravatar.com\/avatar\/9381a13f433f1aec0f97cee6ee35d833c649d13f77dbbd3857c7079616871925?s=90&#038;d=mm&#038;r=g' srcset='https:\/\/secure.gravatar.com\/avatar\/9381a13f433f1aec0f97cee6ee35d833c649d13f77dbbd3857c7079616871925?s=180&#038;d=mm&#038;r=g 2x' class='avatar avatar-90 photo' height='90' width='90' \/>                                    admin                                <\/a>\n                            <\/div>\n                                                <h3 class=\"pxl-item--title\"><a href=\"https:\/\/kebelect.com\/en\/challenges-of-new-hvac-business-firms-2\/\">Les enjeux d\u2019un bon c\u00e2blage informatique en entreprise<\/a><\/h3>\n                                                    <div class=\"pxl-item--content\">\n                                Un bon c\u00e2blage informatique reste essentiel dans le cadre d\u2019un r\u00e9am\u00e9nagement ou d\u2019un d\u00e9m\u00e9nagement. Il faut une installation performante pour l\u2019ajout des postes de travail suppl\u00e9mentaires. En mati\u00e8re de transmission de donn\u00e9es informatiques, un bon&hellip;                            <\/div>\n                                                                            <a class=\"btn-showmore\" href=\"https:\/\/kebelect.com\/en\/challenges-of-new-hvac-business-firms-2\/\">\n                                <span>Read More<\/span>\n                                <i class=\"bravisicon bravisicon-long-arrow-right-three\"><\/i>\n                            <\/a>\n                                            <\/div>\n                <\/div>\n            <\/div>\n            <\/div>\n            <div class=\"pxl-grid-pagination\" data-loadmore=\"{&quot;post_type&quot;:&quot;post&quot;,&quot;layout&quot;:&quot;post-1&quot;,&quot;layout_mode&quot;:&quot;masonry&quot;,&quot;startPage&quot;:1,&quot;maxPages&quot;:1,&quot;total&quot;:3,&quot;perpage&quot;:4,&quot;nextLink&quot;:&quot;&quot;,&quot;source&quot;:&quot;&quot;,&quot;orderby&quot;:&quot;date&quot;,&quot;order&quot;:&quot;desc&quot;,&quot;limit&quot;:4,&quot;post_ids&quot;:[],&quot;col_xl&quot;:12,&quot;col_lg&quot;:12,&quot;col_md&quot;:12,&quot;col_sm&quot;:12,&quot;col_xs&quot;:12,&quot;pagination_type&quot;:&quot;pagination&quot;,&quot;show_author&quot;:&quot;true&quot;,&quot;show_date&quot;:&quot;true&quot;,&quot;num_words&quot;:35,&quot;show_excerpt&quot;:&quot;true&quot;,&quot;show_button&quot;:&quot;true&quot;,&quot;button_text&quot;:&quot;&quot;,&quot;img_size&quot;:&quot;800x500&quot;,&quot;grid_masonry&quot;:&quot;&quot;,&quot;pxl_animate&quot;:&quot;&quot;,&quot;tax&quot;:[&quot;category&quot;]}\" data-query=\"{&quot;post_type&quot;:&quot;post&quot;,&quot;post_status&quot;:&quot;publish&quot;,&quot;posts_per_page&quot;:4,&quot;order&quot;:&quot;desc&quot;,&quot;orderby&quot;:&quot;date&quot;,&quot;tax_query&quot;:{&quot;relation&quot;:&quot;OR&quot;},&quot;post__not_in&quot;:[517]}\">\n                    <\/div>\n        <\/div>\t\t\t\t<\/div>\n\t\t\t\t<\/div>\n\t\t            <\/div>\r\n        <\/div>\r\n        \t\t\t<\/div>\n\t\t<\/section>\n\t\t\t\t<\/div>\n\t\t","protected":false},"excerpt":{"rendered":"<p>March 28, 2024 Rayan Kellar Ecology Scoping in the Survey Guidelines We are committed to offering the best plumbing services to meet your unique needs. We fixera understand that plumbing issues can be disruptive and stressful, which is why we go above and beyond to deliver&hellip; Read More March 27, 2024 Rayan Kellar How the [&hellip;]<\/p>\n","protected":false},"author":1,"featured_media":0,"parent":0,"menu_order":0,"comment_status":"closed","ping_status":"closed","template":"","meta":{"footnotes":""},"class_list":["post-517","page","type-page","status-publish","hentry"],"yoast_head":"<!-- This site is optimized with the Yoast SEO plugin v27.5 - https:\/\/yoast.com\/product\/yoast-seo-wordpress\/ -->\n<title>Blog Standard \u2013 Without Sidebar - kebelect<\/title>\n<meta name=\"robots\" content=\"index, follow, max-snippet:-1, max-image-preview:large, max-video-preview:-1\" \/>\n<link rel=\"canonical\" href=\"https:\/\/kebelect.com\/en\/blog-standard-without-sidebar\/\" \/>\n<meta property=\"og:locale\" content=\"en_US\" \/>\n<meta property=\"og:type\" content=\"article\" \/>\n<meta property=\"og:title\" content=\"Blog Standard \u2013 Without Sidebar - kebelect\" \/>\n<meta property=\"og:description\" content=\"March 28, 2024 Rayan Kellar Ecology Scoping in the Survey Guidelines We are committed to offering the best plumbing services to meet your unique needs. We fixera understand that plumbing issues can be disruptive and stressful, which is why we go above and beyond to deliver&hellip; Read More March 27, 2024 Rayan Kellar How the [&hellip;]\" \/>\n<meta property=\"og:url\" content=\"https:\/\/kebelect.com\/en\/blog-standard-without-sidebar\/\" \/>\n<meta property=\"og:site_name\" content=\"kebelect\" \/>\n<meta property=\"og:image\" content=\"https:\/\/kebelect.com\/wp-content\/uploads\/2024\/03\/image-4-800x500.jpg\" \/>\n<meta name=\"twitter:card\" content=\"summary_large_image\" \/>\n<meta name=\"twitter:label1\" content=\"Est. reading time\" \/>\n\t<meta name=\"twitter:data1\" content=\"1 minute\" \/>\n<script type=\"application\/ld+json\" class=\"yoast-schema-graph\">{\"@context\":\"https:\\\/\\\/schema.org\",\"@graph\":[{\"@type\":\"WebPage\",\"@id\":\"https:\\\/\\\/kebelect.com\\\/blog-standard-without-sidebar\\\/\",\"url\":\"https:\\\/\\\/kebelect.com\\\/blog-standard-without-sidebar\\\/\",\"name\":\"Blog Standard \u2013 Without Sidebar - kebelect\",\"isPartOf\":{\"@id\":\"https:\\\/\\\/kebelect.com\\\/#website\"},\"primaryImageOfPage\":{\"@id\":\"https:\\\/\\\/kebelect.com\\\/blog-standard-without-sidebar\\\/#primaryimage\"},\"image\":{\"@id\":\"https:\\\/\\\/kebelect.com\\\/blog-standard-without-sidebar\\\/#primaryimage\"},\"thumbnailUrl\":\"https:\\\/\\\/kebelect.com\\\/wp-content\\\/uploads\\\/2024\\\/03\\\/image-4-800x500.jpg\",\"datePublished\":\"2024-03-28T15:27:00+00:00\",\"breadcrumb\":{\"@id\":\"https:\\\/\\\/kebelect.com\\\/blog-standard-without-sidebar\\\/#breadcrumb\"},\"inLanguage\":\"en-US\",\"potentialAction\":[{\"@type\":\"ReadAction\",\"target\":[\"https:\\\/\\\/kebelect.com\\\/blog-standard-without-sidebar\\\/\"]}]},{\"@type\":\"ImageObject\",\"inLanguage\":\"en-US\",\"@id\":\"https:\\\/\\\/kebelect.com\\\/blog-standard-without-sidebar\\\/#primaryimage\",\"url\":\"https:\\\/\\\/kebelect.com\\\/wp-content\\\/uploads\\\/2024\\\/03\\\/image-4-800x500.jpg\",\"contentUrl\":\"https:\\\/\\\/kebelect.com\\\/wp-content\\\/uploads\\\/2024\\\/03\\\/image-4-800x500.jpg\"},{\"@type\":\"BreadcrumbList\",\"@id\":\"https:\\\/\\\/kebelect.com\\\/blog-standard-without-sidebar\\\/#breadcrumb\",\"itemListElement\":[{\"@type\":\"ListItem\",\"position\":1,\"name\":\"Accueil\",\"item\":\"https:\\\/\\\/kebelect.com\\\/\"},{\"@type\":\"ListItem\",\"position\":2,\"name\":\"Blog Standard \u2013 Without Sidebar\"}]},{\"@type\":\"WebSite\",\"@id\":\"https:\\\/\\\/kebelect.com\\\/#website\",\"url\":\"https:\\\/\\\/kebelect.com\\\/\",\"name\":\"kebelect\",\"description\":\"Au del\u00e0 de la prestation, le contrat de confiance\",\"potentialAction\":[{\"@type\":\"SearchAction\",\"target\":{\"@type\":\"EntryPoint\",\"urlTemplate\":\"https:\\\/\\\/kebelect.com\\\/?s={search_term_string}\"},\"query-input\":{\"@type\":\"PropertyValueSpecification\",\"valueRequired\":true,\"valueName\":\"search_term_string\"}}],\"inLanguage\":\"en-US\"}]}<\/script>\n<!-- \/ Yoast SEO plugin. -->","yoast_head_json":{"title":"Blog Standard \u2013 Without Sidebar - kebelect","robots":{"index":"index","follow":"follow","max-snippet":"max-snippet:-1","max-image-preview":"max-image-preview:large","max-video-preview":"max-video-preview:-1"},"canonical":"https:\/\/kebelect.com\/en\/blog-standard-without-sidebar\/","og_locale":"en_US","og_type":"article","og_title":"Blog Standard \u2013 Without Sidebar - kebelect","og_description":"March 28, 2024 Rayan Kellar Ecology Scoping in the Survey Guidelines We are committed to offering the best plumbing services to meet your unique needs. We fixera understand that plumbing issues can be disruptive and stressful, which is why we go above and beyond to deliver&hellip; Read More March 27, 2024 Rayan Kellar How the [&hellip;]","og_url":"https:\/\/kebelect.com\/en\/blog-standard-without-sidebar\/","og_site_name":"kebelect","og_image":[{"url":"https:\/\/kebelect.com\/wp-content\/uploads\/2024\/03\/image-4-800x500.jpg","type":"","width":"","height":""}],"twitter_card":"summary_large_image","twitter_misc":{"Est. reading time":"1 minute"},"schema":{"@context":"https:\/\/schema.org","@graph":[{"@type":"WebPage","@id":"https:\/\/kebelect.com\/blog-standard-without-sidebar\/","url":"https:\/\/kebelect.com\/blog-standard-without-sidebar\/","name":"Blog Standard \u2013 Without Sidebar - kebelect","isPartOf":{"@id":"https:\/\/kebelect.com\/#website"},"primaryImageOfPage":{"@id":"https:\/\/kebelect.com\/blog-standard-without-sidebar\/#primaryimage"},"image":{"@id":"https:\/\/kebelect.com\/blog-standard-without-sidebar\/#primaryimage"},"thumbnailUrl":"https:\/\/kebelect.com\/wp-content\/uploads\/2024\/03\/image-4-800x500.jpg","datePublished":"2024-03-28T15:27:00+00:00","breadcrumb":{"@id":"https:\/\/kebelect.com\/blog-standard-without-sidebar\/#breadcrumb"},"inLanguage":"en-US","potentialAction":[{"@type":"ReadAction","target":["https:\/\/kebelect.com\/blog-standard-without-sidebar\/"]}]},{"@type":"ImageObject","inLanguage":"en-US","@id":"https:\/\/kebelect.com\/blog-standard-without-sidebar\/#primaryimage","url":"https:\/\/kebelect.com\/wp-content\/uploads\/2024\/03\/image-4-800x500.jpg","contentUrl":"https:\/\/kebelect.com\/wp-content\/uploads\/2024\/03\/image-4-800x500.jpg"},{"@type":"BreadcrumbList","@id":"https:\/\/kebelect.com\/blog-standard-without-sidebar\/#breadcrumb","itemListElement":[{"@type":"ListItem","position":1,"name":"Accueil","item":"https:\/\/kebelect.com\/"},{"@type":"ListItem","position":2,"name":"Blog Standard \u2013 Without Sidebar"}]},{"@type":"WebSite","@id":"https:\/\/kebelect.com\/#website","url":"https:\/\/kebelect.com\/","name":"kebelect","description":"Au del\u00e0 de la prestation, le contrat de confiance","potentialAction":[{"@type":"SearchAction","target":{"@type":"EntryPoint","urlTemplate":"https:\/\/kebelect.com\/?s={search_term_string}"},"query-input":{"@type":"PropertyValueSpecification","valueRequired":true,"valueName":"search_term_string"}}],"inLanguage":"en-US"}]}},"_links":{"self":[{"href":"https:\/\/kebelect.com\/en\/wp-json\/wp\/v2\/pages\/517","targetHints":{"allow":["GET"]}}],"collection":[{"href":"https:\/\/kebelect.com\/en\/wp-json\/wp\/v2\/pages"}],"about":[{"href":"https:\/\/kebelect.com\/en\/wp-json\/wp\/v2\/types\/page"}],"author":[{"embeddable":true,"href":"https:\/\/kebelect.com\/en\/wp-json\/wp\/v2\/users\/1"}],"replies":[{"embeddable":true,"href":"https:\/\/kebelect.com\/en\/wp-json\/wp\/v2\/comments?post=517"}],"version-history":[{"count":0,"href":"https:\/\/kebelect.com\/en\/wp-json\/wp\/v2\/pages\/517\/revisions"}],"wp:attachment":[{"href":"https:\/\/kebelect.com\/en\/wp-json\/wp\/v2\/media?parent=517"}],"curies":[{"name":"wp","href":"https:\/\/api.w.org\/{rel}","templated":true}]}}